{"id":3090,"date":"2019-07-24T07:30:42","date_gmt":"2019-07-24T07:30:42","guid":{"rendered":"http:\/\/www.industriaoptica.com\/?post_type=product&#038;p=3090"},"modified":"2023-10-10T10:18:27","modified_gmt":"2023-10-10T10:18:27","slug":"lupa-422720-lupa-led-bolsillo","status":"publish","type":"product","link":"http:\/\/www.industriaoptica.com\/?product=lupa-422720-lupa-led-bolsillo","title":{"rendered":"Lupa 422720 Lupa LED bolsillo"},"content":{"rendered":"<p>Recomendable en toda situaci\u00f3n en la que se requiera tanto aumento como iluminaci\u00f3n. (Una correcta iluminaci\u00f3n puede sustituir a 1 \u00f3 2 aumentos).<\/p>\n","protected":false},"excerpt":{"rendered":"<p>Perfecta para el uso en casa \u00f3 cuando se sale y se necesita consultar un n\u00famero de tel\u00e9fono en una gu\u00eda \u00f3 ver la talla de una prenda.<br \/>\nSistemas de encendido al abrir o desplegar la lente permiten ahorrar pilas y evitar encendidos no deseados.<\/p>\n<p>Aumentos: 3x<\/p>\n<p>Dimensiones de la lente: 35mm<\/p>\n<p>Iluminaci\u00f3n LED de bajo consumo<\/p>\n","protected":false},"featured_media":3091,"comment_status":"open","ping_status":"closed","template":"","meta":[],"product_cat":[104],"product_tag":[102,109,139,101,219,191,177],"_links":{"self":[{"href":"http:\/\/www.industriaoptica.com\/index.php?rest_route=\/wp\/v2\/product\/3090"}],"collection":[{"href":"http:\/\/www.industriaoptica.com\/index.php?rest_route=\/wp\/v2\/product"}],"about":[{"href":"http:\/\/www.industriaoptica.com\/index.php?rest_route=\/wp\/v2\/types\/product"}],"replies":[{"embeddable":true,"href":"http:\/\/www.industriaoptica.com\/index.php?rest_route=%2Fwp%2Fv2%2Fcomments&post=3090"}],"wp:featuredmedia":[{"embeddable":true,"href":"http:\/\/www.industriaoptica.com\/index.php?rest_route=\/wp\/v2\/media\/3091"}],"wp:attachment":[{"href":"http:\/\/www.industriaoptica.com\/index.php?rest_route=%2Fwp%2Fv2%2Fmedia&parent=3090"}],"wp:term":[{"taxonomy":"product_cat","embeddable":true,"href":"http:\/\/www.industriaoptica.com\/index.php?rest_route=%2Fwp%2Fv2%2Fproduct_cat&post=3090"},{"taxonomy":"product_tag","embeddable":true,"href":"http:\/\/www.industriaoptica.com\/index.php?rest_route=%2Fwp%2Fv2%2Fproduct_tag&post=3090"}],"curies":[{"name":"wp","href":"https:\/\/api.w.org\/{rel}","templated":true}]}}