{"id":2902,"date":"2019-07-11T16:28:26","date_gmt":"2019-07-11T16:28:26","guid":{"rendered":"http:\/\/www.industriaoptica.com\/?post_type=product&#038;p=2902"},"modified":"2023-10-10T10:18:30","modified_gmt":"2023-10-10T10:18:30","slug":"lupas-stand-led-155050","status":"publish","type":"product","link":"http:\/\/www.industriaoptica.com\/?product=lupas-stand-led-155050","title":{"rendered":"Lupas Stand LED 155050"},"content":{"rendered":"<p>Lupas de gran manufactura y dise\u00f1o. Su sistema de iluminaci\u00f3n y su calidad las hacen la mejor opci\u00f3n para el uso diario en casa \u00f3 en el trabajo.<\/p>\n","protected":false},"excerpt":{"rendered":"<p>Especialmente indicadas para su uso en casa, \u00f3 en apoyo de alg\u00fan hobbi, lectura, etc..<br \/>\nSu especial dise\u00f1o, permite usarlas sin necesidad de sujetarlas, solo posandolas sobre el texto \u00f3 lamina.<br \/>\nLentes asf\u00e9ricas en material liviano, brinda una \u00f3ptica excepcional a esta gama de lupas.<br \/>\nGracias al acabado blanco y cerrado, se garantiza una iluminaci\u00f3n perfecta de la zona de visi\u00f3n.<br \/>\nEl interruptor sobredimensionado y de f\u00e1cil reconocimiento, es ideal para todo tipo de personas, incluidas las personas con problemas de movilidad en las manos.<br \/>\nNo requiere de cambio de bombilla, la iluminaci\u00f3n por LED, da una vida \u00fatil a los diodos casi ilimitada.<br \/>\nLa vida \u00fatil de las bater\u00edas, es casi 10 veces mayor.<br \/>\nLente Liviana Asf\u00e9rica, este tipo de lente proporciona grandes aumentos incluso en di\u00e1metros grandes.<br \/>\nFunda protectora de transporte en simil piel.<\/p>\n<p>Aumentos: 5x<\/p>\n<p>Dimensiones de la lente: 60mm<\/p>\n","protected":false},"featured_media":882,"comment_status":"open","ping_status":"closed","template":"","meta":[],"product_cat":[104],"product_tag":[102,109,101,177],"_links":{"self":[{"href":"http:\/\/www.industriaoptica.com\/index.php?rest_route=\/wp\/v2\/product\/2902"}],"collection":[{"href":"http:\/\/www.industriaoptica.com\/index.php?rest_route=\/wp\/v2\/product"}],"about":[{"href":"http:\/\/www.industriaoptica.com\/index.php?rest_route=\/wp\/v2\/types\/product"}],"replies":[{"embeddable":true,"href":"http:\/\/www.industriaoptica.com\/index.php?rest_route=%2Fwp%2Fv2%2Fcomments&post=2902"}],"wp:featuredmedia":[{"embeddable":true,"href":"http:\/\/www.industriaoptica.com\/index.php?rest_route=\/wp\/v2\/media\/882"}],"wp:attachment":[{"href":"http:\/\/www.industriaoptica.com\/index.php?rest_route=%2Fwp%2Fv2%2Fmedia&parent=2902"}],"wp:term":[{"taxonomy":"product_cat","embeddable":true,"href":"http:\/\/www.industriaoptica.com\/index.php?rest_route=%2Fwp%2Fv2%2Fproduct_cat&post=2902"},{"taxonomy":"product_tag","embeddable":true,"href":"http:\/\/www.industriaoptica.com\/index.php?rest_route=%2Fwp%2Fv2%2Fproduct_tag&post=2902"}],"curies":[{"name":"wp","href":"https:\/\/api.w.org\/{rel}","templated":true}]}}