{"id":2895,"date":"2019-07-11T14:59:32","date_gmt":"2019-07-11T14:59:32","guid":{"rendered":"http:\/\/www.industriaoptica.com\/?post_type=product&#038;p=2895"},"modified":"2023-10-10T10:18:32","modified_gmt":"2023-10-10T10:18:32","slug":"lupa-led-lux-301177","status":"publish","type":"product","link":"http:\/\/www.industriaoptica.com\/?product=lupa-led-lux-301177","title":{"rendered":"Lupa LED LUX 301177"},"content":{"rendered":"<p>Lupas con iluminaci\u00f3n LED de excepcional calidad y acabado.<br \/>\nLentes de gran formato y excelente \u00f3ptica.<br \/>\nAltas potencias y di\u00e1metros.<br \/>\nLa iluminaci\u00f3n LED, ahorra mucha energ\u00eda y es especialmente \u00fatil cuando el uso de la lupa es continuado.<\/p>\n","protected":false},"excerpt":{"rendered":"<p>Lentes asf\u00e9ricas en material liviano, brinda una \u00f3ptica excepcional a esta gama de lupas.<br \/>\nGracias al acabado blanco y su especial ergonomia su uso es sencillo y f\u00e1cil.<br \/>\nEl interruptor de presi\u00f3n, es c\u00f3modo de uso para todo tipo de personas.<br \/>\nLa vida \u00fatil de las bater\u00edas, es casi 10 veces mayor.<br \/>\nGran presentaci\u00f3n en estuche.<\/p>\n<p>Aumentos: 5x<\/p>\n<p>Dimensiones de a lente: 60mm<\/p>\n","protected":false},"featured_media":2896,"comment_status":"open","ping_status":"closed","template":"","meta":[],"product_cat":[104],"product_tag":[102,109,178,101,177],"_links":{"self":[{"href":"http:\/\/www.industriaoptica.com\/index.php?rest_route=\/wp\/v2\/product\/2895"}],"collection":[{"href":"http:\/\/www.industriaoptica.com\/index.php?rest_route=\/wp\/v2\/product"}],"about":[{"href":"http:\/\/www.industriaoptica.com\/index.php?rest_route=\/wp\/v2\/types\/product"}],"replies":[{"embeddable":true,"href":"http:\/\/www.industriaoptica.com\/index.php?rest_route=%2Fwp%2Fv2%2Fcomments&post=2895"}],"wp:featuredmedia":[{"embeddable":true,"href":"http:\/\/www.industriaoptica.com\/index.php?rest_route=\/wp\/v2\/media\/2896"}],"wp:attachment":[{"href":"http:\/\/www.industriaoptica.com\/index.php?rest_route=%2Fwp%2Fv2%2Fmedia&parent=2895"}],"wp:term":[{"taxonomy":"product_cat","embeddable":true,"href":"http:\/\/www.industriaoptica.com\/index.php?rest_route=%2Fwp%2Fv2%2Fproduct_cat&post=2895"},{"taxonomy":"product_tag","embeddable":true,"href":"http:\/\/www.industriaoptica.com\/index.php?rest_route=%2Fwp%2Fv2%2Fproduct_tag&post=2895"}],"curies":[{"name":"wp","href":"https:\/\/api.w.org\/{rel}","templated":true}]}}