{"id":2666,"date":"2019-07-10T07:36:53","date_gmt":"2019-07-10T07:36:53","guid":{"rendered":"http:\/\/www.industriaoptica.com\/?product=import-placeholder-for-172"},"modified":"2019-07-12T09:49:30","modified_gmt":"2019-07-12T09:49:30","slug":"telescopio-vortex-viper-hd-80mm","status":"publish","type":"product","link":"http:\/\/www.industriaoptica.com\/?product=telescopio-vortex-viper-hd-80mm","title":{"rendered":"Telescopio Vortex Viper HD 80mm"},"content":{"rendered":"<p>Excepcional telescopio terrestre de alta calidad y alta gama.<\/p>\n","protected":false},"excerpt":{"rendered":"<p>Especialmente indicado para:<\/p>\n<ul>\n<li>Observaci\u00f3n de la naturaleza<\/li>\n<li>Caza<\/li>\n<li>Tiro olimpico<\/li>\n<li>Tiro con arco<\/li>\n<li>Tiro longshot<\/li>\n<li>Ornitolog\u00eda<\/li>\n<li>Digiscoping<\/li>\n<\/ul>\n<p>HD, Lentes de alto grado con baja dispersi\u00f3n lum\u00ednica, aseguran la mejor visi\u00f3n y el m\u00e1ximo contraste de colores.<\/p>\n<p>XR, lentes totalmente tratadas evitan la perdida de luz por molestos reflejos.<\/p>\n<p>Armortek (R), es una tecnolog\u00eda registrada por Vortex USA que refuerza la estructura del aparato optico y lo hace muy resistente a golpes y sacudidas.<\/p>\n<p>Su purgado en Argon, evita la formaci\u00f3n de humedades en el interior y asegura una durabilidad por encima de los 30 a\u00f1os.<\/p>\n<p>[tabs slidertype=\u00bbsimple\u00bb fx=\u00bbslide\u00bb] [tab]Datos t\u00e9cnicos: Aumento: 20-60x Di\u00e1metro de Objetivo: 80mm Ajuste ocular : 18mm Enfoque cercano: 20 Campo de visi\u00f3n a 1000m\/Angulo: 109-48m\/2.1-1.0 Peso: 1687 g Longitud: 44 cm[\/tab] [\/tabs]<\/p>\n","protected":false},"featured_media":2000,"comment_status":"open","ping_status":"closed","template":"","meta":[],"product_cat":[173,106],"product_tag":[139,128,137,147,138],"_links":{"self":[{"href":"http:\/\/www.industriaoptica.com\/index.php?rest_route=\/wp\/v2\/product\/2666"}],"collection":[{"href":"http:\/\/www.industriaoptica.com\/index.php?rest_route=\/wp\/v2\/product"}],"about":[{"href":"http:\/\/www.industriaoptica.com\/index.php?rest_route=\/wp\/v2\/types\/product"}],"replies":[{"embeddable":true,"href":"http:\/\/www.industriaoptica.com\/index.php?rest_route=%2Fwp%2Fv2%2Fcomments&post=2666"}],"wp:featuredmedia":[{"embeddable":true,"href":"http:\/\/www.industriaoptica.com\/index.php?rest_route=\/wp\/v2\/media\/2000"}],"wp:attachment":[{"href":"http:\/\/www.industriaoptica.com\/index.php?rest_route=%2Fwp%2Fv2%2Fmedia&parent=2666"}],"wp:term":[{"taxonomy":"product_cat","embeddable":true,"href":"http:\/\/www.industriaoptica.com\/index.php?rest_route=%2Fwp%2Fv2%2Fproduct_cat&post=2666"},{"taxonomy":"product_tag","embeddable":true,"href":"http:\/\/www.industriaoptica.com\/index.php?rest_route=%2Fwp%2Fv2%2Fproduct_tag&post=2666"}],"curies":[{"name":"wp","href":"https:\/\/api.w.org\/{rel}","templated":true}]}}